{"id":152,"date":"2026-03-16T20:54:52","date_gmt":"2026-03-16T20:54:52","guid":{"rendered":"https:\/\/www.busmachupicchuticket.com\/es\/?page_id=152"},"modified":"2026-03-20T19:28:45","modified_gmt":"2026-03-20T19:28:45","slug":"reserva-bus","status":"publish","type":"page","link":"https:\/\/www.busmachupicchuticket.com\/es\/reserva-bus\/","title":{"rendered":"Reserva Bus"},"content":{"rendered":"<div class=\"bg-white\">\r\n    <div class=\"max-w-4xl mx-auto px-4 sm:px-6 lg:px-8 pb-16\">\r\n        <div class=\"mt-fmv-form-render fm-form-container\" id=\"fmv_data_id\"><form-container :data=\"render\" :loading=\"loading\" :current=\"current\" :submited=\"submited\" :settings=\"settings\" :nosolved=\"showCaptchaError\" :sending=\"sending\" :pre-upload=\"preUpload\" :show-preview-data=\"showPreviewData\" :show-submit-buttons=\"showSubmitButtons\" :fid=\"fid\" :preview-data-content=\"previewDataContent\" :change-register-section=\"changeRegisterSection\" :is-login=\"isLogin\" :payments=\"payments\" :translates=\"translates\" :type=\"type\" :message=\"message\"><\/form-container><\/div>\r\n    <\/div>\r\n<\/div>","protected":false},"excerpt":{"rendered":"","protected":false},"author":1,"featured_media":0,"parent":0,"menu_order":0,"comment_status":"closed","ping_status":"closed","template":"","meta":{"footnotes":""},"class_list":["post-152","page","type-page","status-publish","hentry","no-wpautop"],"aioseo_notices":[],"aioseo_head":"\n\t\t<!-- All in One SEO Pro 4.9.5.2 - aioseo.com -->\n\t<meta name=\"description\" content=\"Completa tu reserva de bus a Machu Picchu en minutos. Horarios, precios y confirmaci\u00f3n inmediata para tu viaje a la ciudadela inca.\" \/>\n\t<meta name=\"robots\" content=\"max-image-preview:large\" \/>\n\t<link rel=\"canonical\" href=\"https:\/\/www.busmachupicchuticket.com\/es\/reserva-bus\/\" \/>\n\t<meta name=\"generator\" content=\"All in One SEO Pro (AIOSEO) 4.9.5.2\" \/>\n\t\t<meta property=\"og:locale\" content=\"es_ES\" \/>\n\t\t<meta property=\"og:site_name\" content=\"Bus Machupicchu Ticket - Compra tu boleto oficial de bus Aguas Calientes a Machu Picchu\" \/>\n\t\t<meta property=\"og:type\" content=\"article\" \/>\n\t\t<meta property=\"og:title\" content=\"Reserva tu Bus a Machu Picchu F\u00e1cil y R\u00e1pido\" \/>\n\t\t<meta property=\"og:description\" content=\"Completa tu reserva de bus a Machu Picchu en minutos. Horarios, precios y confirmaci\u00f3n inmediata para tu viaje a la ciudadela inca.\" \/>\n\t\t<meta property=\"og:url\" content=\"https:\/\/www.busmachupicchuticket.com\/es\/reserva-bus\/\" \/>\n\t\t<meta property=\"og:image\" content=\"https:\/\/www.busmachupicchuticket.com\/wp-content\/uploads\/bus-machu-picchu-bmt.png\" \/>\n\t\t<meta property=\"og:image:secure_url\" content=\"https:\/\/www.busmachupicchuticket.com\/wp-content\/uploads\/bus-machu-picchu-bmt.png\" \/>\n\t\t<meta property=\"og:image:width\" content=\"600\" \/>\n\t\t<meta property=\"og:image:height\" content=\"124\" \/>\n\t\t<meta property=\"article:published_time\" content=\"2026-03-16T20:54:52+00:00\" \/>\n\t\t<meta property=\"article:modified_time\" content=\"2026-03-20T19:28:45+00:00\" \/>\n\t\t<meta name=\"twitter:card\" content=\"summary_large_image\" \/>\n\t\t<meta name=\"twitter:title\" content=\"Reserva tu Bus a Machu Picchu F\u00e1cil y R\u00e1pido\" \/>\n\t\t<meta name=\"twitter:description\" content=\"Completa tu reserva de bus a Machu Picchu en minutos. Horarios, precios y confirmaci\u00f3n inmediata para tu viaje a la ciudadela inca.\" \/>\n\t\t<meta name=\"twitter:image\" content=\"https:\/\/www.busmachupicchuticket.com\/wp-content\/uploads\/bus-machu-picchu-bmt.png\" \/>\n\t\t<script type=\"application\/ld+json\" class=\"aioseo-schema\">\n\t\t\t{\"@context\":\"https:\\\/\\\/schema.org\",\"@graph\":[{\"@type\":\"BreadcrumbList\",\"@id\":\"https:\\\/\\\/www.busmachupicchuticket.com\\\/es\\\/reserva-bus\\\/#breadcrumblist\",\"itemListElement\":[{\"@type\":\"ListItem\",\"@id\":\"https:\\\/\\\/www.busmachupicchuticket.com\\\/es#listItem\",\"position\":1,\"name\":\"Home\",\"item\":\"https:\\\/\\\/www.busmachupicchuticket.com\\\/es\",\"nextItem\":{\"@type\":\"ListItem\",\"@id\":\"https:\\\/\\\/www.busmachupicchuticket.com\\\/es\\\/reserva-bus\\\/#listItem\",\"name\":\"Reserva Bus\"}},{\"@type\":\"ListItem\",\"@id\":\"https:\\\/\\\/www.busmachupicchuticket.com\\\/es\\\/reserva-bus\\\/#listItem\",\"position\":2,\"name\":\"Reserva Bus\",\"previousItem\":{\"@type\":\"ListItem\",\"@id\":\"https:\\\/\\\/www.busmachupicchuticket.com\\\/es#listItem\",\"name\":\"Home\"}}]},{\"@type\":\"Organization\",\"@id\":\"https:\\\/\\\/www.busmachupicchuticket.com\\\/es\\\/#organization\",\"name\":\"Bus Machu Picchu Ticket\",\"description\":\"Compra tu boleto oficial de bus Aguas Calientes a Machu Picchu. Servicio diario, ascenso r\\u00e1pido de 25 min y retorno flexible. Reserva online segura y f\\u00e1cil.\",\"url\":\"https:\\\/\\\/www.busmachupicchuticket.com\\\/es\\\/\",\"telephone\":\"+5184207064\",\"logo\":{\"@type\":\"ImageObject\",\"url\":\"https:\\\/\\\/www.busmachupicchuticket.com\\\/wp-content\\\/uploads\\\/bus-machu-picchu-bmt.png\",\"@id\":\"https:\\\/\\\/www.busmachupicchuticket.com\\\/es\\\/reserva-bus\\\/#organizationLogo\",\"width\":600,\"height\":124},\"image\":{\"@id\":\"https:\\\/\\\/www.busmachupicchuticket.com\\\/es\\\/reserva-bus\\\/#organizationLogo\"}},{\"@type\":\"WebPage\",\"@id\":\"https:\\\/\\\/www.busmachupicchuticket.com\\\/es\\\/reserva-bus\\\/#webpage\",\"url\":\"https:\\\/\\\/www.busmachupicchuticket.com\\\/es\\\/reserva-bus\\\/\",\"name\":\"Reserva tu Bus a Machu Picchu F\\u00e1cil y R\\u00e1pido\",\"description\":\"Completa tu reserva de bus a Machu Picchu en minutos. Horarios, precios y confirmaci\\u00f3n inmediata para tu viaje a la ciudadela inca.\",\"inLanguage\":\"es-ES\",\"isPartOf\":{\"@id\":\"https:\\\/\\\/www.busmachupicchuticket.com\\\/es\\\/#website\"},\"breadcrumb\":{\"@id\":\"https:\\\/\\\/www.busmachupicchuticket.com\\\/es\\\/reserva-bus\\\/#breadcrumblist\"},\"datePublished\":\"2026-03-16T20:54:52+00:00\",\"dateModified\":\"2026-03-20T19:28:45+00:00\"},{\"@type\":\"WebSite\",\"@id\":\"https:\\\/\\\/www.busmachupicchuticket.com\\\/es\\\/#website\",\"url\":\"https:\\\/\\\/www.busmachupicchuticket.com\\\/es\\\/\",\"name\":\"Bus Machu Picchu Ticket\",\"description\":\"Compra tu boleto oficial de bus Aguas Calientes a Machu Picchu\",\"inLanguage\":\"es-ES\",\"publisher\":{\"@id\":\"https:\\\/\\\/www.busmachupicchuticket.com\\\/es\\\/#organization\"}}]}\n\t\t<\/script>\n\t\t<!-- All in One SEO Pro -->\r\n\t\t<title>Reserva tu Bus a Machu Picchu F\u00e1cil y R\u00e1pido<\/title>\n\n","aioseo_head_json":{"title":"Reserva tu Bus a Machu Picchu F\u00e1cil y R\u00e1pido","description":"Completa tu reserva de bus a Machu Picchu en minutos. Horarios, precios y confirmaci\u00f3n inmediata para tu viaje a la ciudadela inca.","canonical_url":"https:\/\/www.busmachupicchuticket.com\/es\/reserva-bus\/","robots":"max-image-preview:large","keywords":"","webmasterTools":{"miscellaneous":""},"schema":{"@context":"https:\/\/schema.org","@graph":[{"@type":"BreadcrumbList","@id":"https:\/\/www.busmachupicchuticket.com\/es\/reserva-bus\/#breadcrumblist","itemListElement":[{"@type":"ListItem","@id":"https:\/\/www.busmachupicchuticket.com\/es#listItem","position":1,"name":"Home","item":"https:\/\/www.busmachupicchuticket.com\/es","nextItem":{"@type":"ListItem","@id":"https:\/\/www.busmachupicchuticket.com\/es\/reserva-bus\/#listItem","name":"Reserva Bus"}},{"@type":"ListItem","@id":"https:\/\/www.busmachupicchuticket.com\/es\/reserva-bus\/#listItem","position":2,"name":"Reserva Bus","previousItem":{"@type":"ListItem","@id":"https:\/\/www.busmachupicchuticket.com\/es#listItem","name":"Home"}}]},{"@type":"Organization","@id":"https:\/\/www.busmachupicchuticket.com\/es\/#organization","name":"Bus Machu Picchu Ticket","description":"Compra tu boleto oficial de bus Aguas Calientes a Machu Picchu. Servicio diario, ascenso r\u00e1pido de 25 min y retorno flexible. Reserva online segura y f\u00e1cil.","url":"https:\/\/www.busmachupicchuticket.com\/es\/","telephone":"+5184207064","logo":{"@type":"ImageObject","url":"https:\/\/www.busmachupicchuticket.com\/wp-content\/uploads\/bus-machu-picchu-bmt.png","@id":"https:\/\/www.busmachupicchuticket.com\/es\/reserva-bus\/#organizationLogo","width":600,"height":124},"image":{"@id":"https:\/\/www.busmachupicchuticket.com\/es\/reserva-bus\/#organizationLogo"}},{"@type":"WebPage","@id":"https:\/\/www.busmachupicchuticket.com\/es\/reserva-bus\/#webpage","url":"https:\/\/www.busmachupicchuticket.com\/es\/reserva-bus\/","name":"Reserva tu Bus a Machu Picchu F\u00e1cil y R\u00e1pido","description":"Completa tu reserva de bus a Machu Picchu en minutos. Horarios, precios y confirmaci\u00f3n inmediata para tu viaje a la ciudadela inca.","inLanguage":"es-ES","isPartOf":{"@id":"https:\/\/www.busmachupicchuticket.com\/es\/#website"},"breadcrumb":{"@id":"https:\/\/www.busmachupicchuticket.com\/es\/reserva-bus\/#breadcrumblist"},"datePublished":"2026-03-16T20:54:52+00:00","dateModified":"2026-03-20T19:28:45+00:00"},{"@type":"WebSite","@id":"https:\/\/www.busmachupicchuticket.com\/es\/#website","url":"https:\/\/www.busmachupicchuticket.com\/es\/","name":"Bus Machu Picchu Ticket","description":"Compra tu boleto oficial de bus Aguas Calientes a Machu Picchu","inLanguage":"es-ES","publisher":{"@id":"https:\/\/www.busmachupicchuticket.com\/es\/#organization"}}]},"og:locale":"es_ES","og:site_name":"Bus Machupicchu Ticket - Compra tu boleto oficial de bus Aguas Calientes a Machu Picchu","og:type":"article","og:title":"Reserva tu Bus a Machu Picchu F\u00e1cil y R\u00e1pido","og:description":"Completa tu reserva de bus a Machu Picchu en minutos. Horarios, precios y confirmaci\u00f3n inmediata para tu viaje a la ciudadela inca.","og:url":"https:\/\/www.busmachupicchuticket.com\/es\/reserva-bus\/","og:image":"https:\/\/www.busmachupicchuticket.com\/wp-content\/uploads\/bus-machu-picchu-bmt.png","og:image:secure_url":"https:\/\/www.busmachupicchuticket.com\/wp-content\/uploads\/bus-machu-picchu-bmt.png","og:image:width":600,"og:image:height":124,"article:published_time":"2026-03-16T20:54:52+00:00","article:modified_time":"2026-03-20T19:28:45+00:00","twitter:card":"summary_large_image","twitter:title":"Reserva tu Bus a Machu Picchu F\u00e1cil y R\u00e1pido","twitter:description":"Completa tu reserva de bus a Machu Picchu en minutos. Horarios, precios y confirmaci\u00f3n inmediata para tu viaje a la ciudadela inca.","twitter:image":"https:\/\/www.busmachupicchuticket.com\/wp-content\/uploads\/bus-machu-picchu-bmt.png"},"aioseo_meta_data":{"post_id":"152","title":"Reserva tu Bus a Machu Picchu F\u00e1cil y R\u00e1pido","description":"Completa tu reserva de bus a Machu Picchu en minutos. Horarios, precios y confirmaci\u00f3n inmediata para tu viaje a la ciudadela inca.","keywords":null,"keyphrases":{"focus":{"keyphrase":"","score":0,"analysis":{"keyphraseInTitle":{"score":0,"maxScore":9,"error":1}}},"additional":[]},"primary_term":null,"canonical_url":null,"og_title":null,"og_description":null,"og_object_type":"default","og_image_type":"default","og_image_url":null,"og_image_width":null,"og_image_height":null,"og_image_custom_url":null,"og_image_custom_fields":null,"og_video":"","og_custom_url":null,"og_article_section":null,"og_article_tags":null,"twitter_use_og":false,"twitter_card":"default","twitter_image_type":"default","twitter_image_url":null,"twitter_image_custom_url":null,"twitter_image_custom_fields":null,"twitter_title":null,"twitter_description":null,"schema":{"blockGraphs":[],"customGraphs":[],"default":{"data":{"Article":[],"Course":[],"Dataset":[],"FAQPage":[],"Movie":[],"Person":[],"Product":[],"ProductReview":[],"Car":[],"Recipe":[],"Service":[],"SoftwareApplication":[],"WebPage":[]},"graphName":"WebPage","isEnabled":true},"graphs":[]},"schema_type":"default","schema_type_options":null,"pillar_content":false,"robots_default":true,"robots_noindex":false,"robots_noarchive":false,"robots_nosnippet":false,"robots_nofollow":false,"robots_noimageindex":false,"robots_noodp":false,"robots_notranslate":false,"robots_max_snippet":"-1","robots_max_videopreview":"-1","robots_max_imagepreview":"large","priority":null,"frequency":"default","local_seo":null,"seo_analyzer_scan_date":"2026-03-20 21:32:56","breadcrumb_settings":null,"limit_modified_date":false,"reviewed_by":null,"open_ai":null,"ai":{"faqs":[],"keyPoints":[],"titles":[],"descriptions":[],"socialPosts":{"email":[],"linkedin":[],"twitter":[],"facebook":[],"instagram":[]}},"created":"2026-03-18 22:04:53","updated":"2026-04-03 22:22:52"},"aioseo_breadcrumb":"<div class=\"aioseo-breadcrumbs\"><span class=\"aioseo-breadcrumb\">\n\t<a href=\"https:\/\/www.busmachupicchuticket.com\/es\" title=\"Home\">Home<\/a>\n<\/span><span class=\"aioseo-breadcrumb-separator\">&raquo;<\/span><span class=\"aioseo-breadcrumb\">\n\tReserva Bus\n<\/span><\/div>","aioseo_breadcrumb_json":[{"label":"Home","link":"https:\/\/www.busmachupicchuticket.com\/es"},{"label":"Reserva Bus","link":"https:\/\/www.busmachupicchuticket.com\/es\/reserva-bus\/"}],"_links":{"self":[{"href":"https:\/\/www.busmachupicchuticket.com\/es\/wp-json\/wp\/v2\/pages\/152","targetHints":{"allow":["GET"]}}],"collection":[{"href":"https:\/\/www.busmachupicchuticket.com\/es\/wp-json\/wp\/v2\/pages"}],"about":[{"href":"https:\/\/www.busmachupicchuticket.com\/es\/wp-json\/wp\/v2\/types\/page"}],"author":[{"embeddable":true,"href":"https:\/\/www.busmachupicchuticket.com\/es\/wp-json\/wp\/v2\/users\/1"}],"replies":[{"embeddable":true,"href":"https:\/\/www.busmachupicchuticket.com\/es\/wp-json\/wp\/v2\/comments?post=152"}],"version-history":[{"count":1,"href":"https:\/\/www.busmachupicchuticket.com\/es\/wp-json\/wp\/v2\/pages\/152\/revisions"}],"predecessor-version":[{"id":153,"href":"https:\/\/www.busmachupicchuticket.com\/es\/wp-json\/wp\/v2\/pages\/152\/revisions\/153"}],"wp:attachment":[{"href":"https:\/\/www.busmachupicchuticket.com\/es\/wp-json\/wp\/v2\/media?parent=152"}],"curies":[{"name":"wp","href":"https:\/\/api.w.org\/{rel}","templated":true}]}}