{"id":25,"date":"2026-03-11T20:16:37","date_gmt":"2026-03-11T20:16:37","guid":{"rendered":"https:\/\/www.busmachupicchuticket.com\/es\/?page_id=25"},"modified":"2026-03-20T19:26:51","modified_gmt":"2026-03-20T19:26:51","slug":"blog","status":"publish","type":"page","link":"https:\/\/www.busmachupicchuticket.com\/es\/blog\/","title":{"rendered":"Blog"},"content":{"rendered":"<div class=\"max-w-4xl mx-auto px-4 sm:px-6 lg:px-8 pb-16\">\r\n    <div class=\"mb-6 pt-6\">\r\n        <nav class=\"flex items-center gap-2 text-sm text-priceline-blue\">\r\n            <a href=\"\/es\/\" class=\"hover:underline text-priceline-blue transition-colors\">Inicio<\/a>\r\n            <i class=\"fa-solid fa-chevron-right text-priceline-blue text-[10px]\"><\/i>\r\n            <span class=\"text-gray-600 font-medium\">Blog<\/span>\r\n        <\/nav>\r\n    <\/div>\r\n    <div class=\"border-b border-gray-200 pb-8 mt-4\">\r\n        <h1 class=\"text-2xl sm:text-3xl lg:text-4xl font-bold text-priceline-blue-deep mb-3\">Todo sobre los buses a Machu Picchu<\/h1>\r\n        <p class=\"text-base text-gray-500 mt-2 leading-relaxed\">Consulta nuestros art\u00edculos sobre los buses a Machu Picchu y encuentra informaci\u00f3n actualizada sobre horarios, tarifas y recomendaciones para tu viaje. Te ayudamos a planificar tu recorrido de manera f\u00e1cil y segura, para que disfrutes al m\u00e1ximo de tu visita a este incre\u00edble destino.<\/p>\r\n    <\/div>\r\n    <div class=\"vs-list-container relative js-container-post\"><input type=\"hidden\" value=\"1\" id=\"js-page\" name=\"js-page\"><input type=\"hidden\" value=\"6\" id=\"js-paginad\" name=\"js-paginad\"><div class=\"grid grid-cols-1 md:grid-cols-3 gap-6 js-content_article\"><a href=\"https:\/\/www.busmachupicchuticket.com\/es\/blog\/bus-machu-picchu-como-es-el-viaje\/\" class=\"group rounded-xl overflow-hidden shadow-md hover:shadow-xl transition-all duration-300 block bg-white\"><div class=\"relative h-48 overflow-hidden\"><img decoding=\"async\" src=\"https:\/\/www.busmachupicchuticket.com\/wp-content\/uploads\/vista-pueblo-aguas-calientes-machu-picchu.jpg\" class=\"w-full h-full object-cover group-hover:scale-105 transition-transform duration-500\"><\/div><div class=\"p-5 bg-white\"><h3 class=\"font-bold text-gray-900 text-base mb-2 group-hover:text-priceline-blue transition-colors leading-snug\">Bus a Machu Picchu: \u00bfc\u00f3mo es el viaje?<\/h3><p class=\"text-sm text-gray-500 mb-4 leading-relaxed\">El viaje en bus de Aguas Calientes a Machu Picchu es c\u00f3modo y con paisajes hermosos a trav\u00e9s de la...<\/p><span class=\"text-priceline-blue font-semibold text-sm group-hover:underline\">Leer m\u00e1s <i class=\"fa-solid fa-arrow-right ml-1\"><\/i><\/span><\/div><\/a><a href=\"https:\/\/www.busmachupicchuticket.com\/es\/blog\/bus-machu-picchu-guia-viajar-facil\/\" class=\"group rounded-xl overflow-hidden shadow-md hover:shadow-xl transition-all duration-300 block bg-white\"><div class=\"relative h-48 overflow-hidden\"><img decoding=\"async\" src=\"https:\/\/www.busmachupicchuticket.com\/wp-content\/uploads\/bus-puerta-ingreso-machu-picchu.jpg\" class=\"w-full h-full object-cover group-hover:scale-105 transition-transform duration-500\"><\/div><div class=\"p-5 bg-white\"><h3 class=\"font-bold text-gray-900 text-base mb-2 group-hover:text-priceline-blue transition-colors leading-snug\">Bus a Machu Picchu: gu\u00eda para viajar f\u00e1cil<\/h3><p class=\"text-sm text-gray-500 mb-4 leading-relaxed\">Gu\u00eda f\u00e1cil para viajar a Machu Picchu con el bus por la ruta Ollantaytambo \u2013 Aguas Calientes en...<\/p><span class=\"text-priceline-blue font-semibold text-sm group-hover:underline\">Leer m\u00e1s <i class=\"fa-solid fa-arrow-right ml-1\"><\/i><\/span><\/div><\/a><a href=\"https:\/\/www.busmachupicchuticket.com\/es\/blog\/ruta-pie-aguas-calientes-machu-picchu\/\" class=\"group rounded-xl overflow-hidden shadow-md hover:shadow-xl transition-all duration-300 block bg-white\"><div class=\"relative h-48 overflow-hidden\"><img decoding=\"async\" src=\"https:\/\/www.busmachupicchuticket.com\/wp-content\/uploads\/ruta-pie-machu-picchu.jpg\" class=\"w-full h-full object-cover group-hover:scale-105 transition-transform duration-500\"><\/div><div class=\"p-5 bg-white\"><h3 class=\"font-bold text-gray-900 text-base mb-2 group-hover:text-priceline-blue transition-colors leading-snug\">La ruta a pie de Aguas Calientes a Machu Picchu<\/h3><p class=\"text-sm text-gray-500 mb-4 leading-relaxed\">La ruta a pie de Aguas Calientes a Machu Picchu sigue cientos de escalinatas de piedras pasando por...<\/p><span class=\"text-priceline-blue font-semibold text-sm group-hover:underline\">Leer m\u00e1s <i class=\"fa-solid fa-arrow-right ml-1\"><\/i><\/span><\/div><\/a><a href=\"https:\/\/www.busmachupicchuticket.com\/es\/blog\/bus-machu-picchu-colas-tomar-bus\/\" class=\"group rounded-xl overflow-hidden shadow-md hover:shadow-xl transition-all duration-300 block bg-white\"><div class=\"relative h-48 overflow-hidden\"><img decoding=\"async\" src=\"https:\/\/www.busmachupicchuticket.com\/wp-content\/uploads\/cola-bus-machu-picchu.jpg\" class=\"w-full h-full object-cover group-hover:scale-105 transition-transform duration-500\"><\/div><div class=\"p-5 bg-white\"><h3 class=\"font-bold text-gray-900 text-base mb-2 group-hover:text-priceline-blue transition-colors leading-snug\">Bus a Machu Picchu: las colas para tomar el bus<\/h3><p class=\"text-sm text-gray-500 mb-4 leading-relaxed\">Las colas que se forman para tomar el bus a Machu Picchu desde Aguas Calientes duran entre 5 a 20...<\/p><span class=\"text-priceline-blue font-semibold text-sm group-hover:underline\">Leer m\u00e1s <i class=\"fa-solid fa-arrow-right ml-1\"><\/i><\/span><\/div><\/a><a href=\"https:\/\/www.busmachupicchuticket.com\/es\/blog\/por-que-tomar-bus-machu-picchu\/\" class=\"group rounded-xl overflow-hidden shadow-md hover:shadow-xl transition-all duration-300 block bg-white\"><div class=\"relative h-48 overflow-hidden\"><img decoding=\"async\" src=\"https:\/\/www.busmachupicchuticket.com\/wp-content\/uploads\/bus-machu-picchu-puerta-machu-picchu.jpg\" class=\"w-full h-full object-cover group-hover:scale-105 transition-transform duration-500\"><\/div><div class=\"p-5 bg-white\"><h3 class=\"font-bold text-gray-900 text-base mb-2 group-hover:text-priceline-blue transition-colors leading-snug\">Machu Picchu: \u00bfpor qu\u00e9 tomar el bus?<\/h3><p class=\"text-sm text-gray-500 mb-4 leading-relaxed\">La ventaja de tomar el bus es que solo dura 30 minutos desde Aguas Calientes hasta Machu Picchu. Es...<\/p><span class=\"text-priceline-blue font-semibold text-sm group-hover:underline\">Leer m\u00e1s <i class=\"fa-solid fa-arrow-right ml-1\"><\/i><\/span><\/div><\/a><a href=\"https:\/\/www.busmachupicchuticket.com\/es\/blog\/viaje-bus-machu-picchu\/\" class=\"group rounded-xl overflow-hidden shadow-md hover:shadow-xl transition-all duration-300 block bg-white\"><div class=\"relative h-48 overflow-hidden\"><img decoding=\"async\" src=\"https:\/\/www.busmachupicchuticket.com\/wp-content\/uploads\/aguas-calientes-bus-machu-picchu-bm.jpg\" class=\"w-full h-full object-cover group-hover:scale-105 transition-transform duration-500\"><\/div><div class=\"p-5 bg-white\"><h3 class=\"font-bold text-gray-900 text-base mb-2 group-hover:text-priceline-blue transition-colors leading-snug\">\u00bfC\u00f3mo es el viaje en bus a Machu Picchu?<\/h3><p class=\"text-sm text-gray-500 mb-4 leading-relaxed\">Conoce c\u00f3mo es el viaje en bus a Machu Picchu desde Aguas Calientes: horarios, precios, ruta,...<\/p><span class=\"text-priceline-blue font-semibold text-sm group-hover:underline\">Leer m\u00e1s <i class=\"fa-solid fa-arrow-right ml-1\"><\/i><\/span><\/div><\/a><\/div><div class=\"text-center mt-8 js-load-more-post\"><a class=\"js-more-article inline-flex items-center gap-2 px-8 py-3 border-2 border-priceline-blue text-priceline-blue font-bold rounded-full hover:bg-priceline-blue hover:text-white transition-colors\" href=\"javascript:void(0);\">Ver m\u00e1s<\/a><\/div><\/div>\r\n<\/div>","protected":false},"excerpt":{"rendered":"<p>Inicio Blog Todo sobre los buses a Machu Picchu Consulta nuestros art\u00edculos sobre los buses a Machu Picchu y encuentra informaci\u00f3n actualizada sobre horarios, tarifas y recomendaciones para tu viaje. Te ayudamos a planificar tu recorrido de manera f\u00e1cil y segura, para que disfrutes al m\u00e1ximo de tu visita a este incre\u00edble destino.<\/p>\n","protected":false},"author":1,"featured_media":0,"parent":0,"menu_order":0,"comment_status":"closed","ping_status":"closed","template":"","meta":{"footnotes":""},"class_list":["post-25","page","type-page","status-publish","hentry","no-wpautop"],"aioseo_notices":[],"aioseo_head":"\n\t\t<!-- All in One SEO Pro 4.9.5.2 - aioseo.com -->\n\t<meta name=\"description\" content=\"Conoce c\u00f3mo es el viaje en bus a Machu Picchu desde Aguas Calientes: horarios, precios, ruta, duraci\u00f3n, puntos de embarque y consejos clave para llegar sin contratiempos.\" \/>\n\t<meta name=\"robots\" content=\"max-image-preview:large\" \/>\n\t<link rel=\"canonical\" href=\"https:\/\/www.busmachupicchuticket.com\/es\/blog\/viaje-bus-machu-picchu\/\" \/>\n\t<meta name=\"generator\" content=\"All in One SEO Pro (AIOSEO) 4.9.5.2\" \/>\n\t\t<meta property=\"og:locale\" content=\"es_ES\" \/>\n\t\t<meta property=\"og:site_name\" content=\"Bus Machupicchu Ticket - Compra tu boleto oficial de bus Aguas Calientes a Machu Picchu\" \/>\n\t\t<meta property=\"og:type\" content=\"article\" \/>\n\t\t<meta property=\"og:title\" content=\"Viaje en Bus a Machu Picchu: Horarios, Precios, Ruta y Consejos\" \/>\n\t\t<meta property=\"og:description\" content=\"Conoce c\u00f3mo es el viaje en bus a Machu Picchu desde Aguas Calientes: horarios, precios, ruta, duraci\u00f3n, puntos de embarque y consejos clave para llegar sin contratiempos.\" \/>\n\t\t<meta property=\"og:url\" content=\"https:\/\/www.busmachupicchuticket.com\/es\/blog\/viaje-bus-machu-picchu\/\" \/>\n\t\t<meta property=\"og:image\" content=\"https:\/\/www.busmachupicchuticket.com\/wp-content\/uploads\/bus-machu-picchu-bmt.png\" \/>\n\t\t<meta property=\"og:image:secure_url\" content=\"https:\/\/www.busmachupicchuticket.com\/wp-content\/uploads\/bus-machu-picchu-bmt.png\" \/>\n\t\t<meta property=\"og:image:width\" content=\"600\" \/>\n\t\t<meta property=\"og:image:height\" content=\"124\" \/>\n\t\t<meta property=\"article:published_time\" content=\"2026-03-11T20:36:29+00:00\" \/>\n\t\t<meta property=\"article:modified_time\" content=\"2026-03-20T19:20:50+00:00\" \/>\n\t\t<meta name=\"twitter:card\" content=\"summary_large_image\" \/>\n\t\t<meta name=\"twitter:title\" content=\"Viaje en Bus a Machu Picchu: Horarios, Precios, Ruta y Consejos\" \/>\n\t\t<meta name=\"twitter:description\" content=\"Conoce c\u00f3mo es el viaje en bus a Machu Picchu desde Aguas Calientes: horarios, precios, ruta, duraci\u00f3n, puntos de embarque y consejos clave para llegar sin contratiempos.\" \/>\n\t\t<meta name=\"twitter:image\" content=\"https:\/\/www.busmachupicchuticket.com\/wp-content\/uploads\/bus-machu-picchu-bmt.png\" \/>\n\t\t<script type=\"application\/ld+json\" class=\"aioseo-schema\">\n\t\t\t{\"@context\":\"https:\\\/\\\/schema.org\",\"@graph\":[{\"@type\":\"BlogPosting\",\"@id\":\"https:\\\/\\\/www.busmachupicchuticket.com\\\/es\\\/blog\\\/viaje-bus-machu-picchu\\\/#blogposting\",\"name\":\"Viaje en Bus a Machu Picchu: Horarios, Precios, Ruta y Consejos\",\"headline\":\"\\u00bfC\\u00f3mo es el viaje en bus a Machu Picchu?\",\"author\":{\"@id\":\"https:\\\/\\\/www.busmachupicchuticket.com\\\/es\\\/blog\\\/author\\\/yazu644\\\/#author\"},\"publisher\":{\"@id\":\"https:\\\/\\\/www.busmachupicchuticket.com\\\/es\\\/#organization\"},\"image\":{\"@type\":\"ImageObject\",\"url\":\"https:\\\/\\\/www.busmachupicchuticket.com\\\/wp-content\\\/uploads\\\/aguas-calientes-bus-machu-picchu-bm.jpg\",\"@id\":\"https:\\\/\\\/www.busmachupicchuticket.com\\\/es\\\/blog\\\/viaje-bus-machu-picchu\\\/#articleImage\"},\"datePublished\":\"2026-03-11T20:36:29+00:00\",\"dateModified\":\"2026-03-20T19:20:50+00:00\",\"inLanguage\":\"es-ES\",\"mainEntityOfPage\":{\"@id\":\"https:\\\/\\\/www.busmachupicchuticket.com\\\/es\\\/blog\\\/viaje-bus-machu-picchu\\\/#webpage\"},\"isPartOf\":{\"@id\":\"https:\\\/\\\/www.busmachupicchuticket.com\\\/es\\\/blog\\\/viaje-bus-machu-picchu\\\/#webpage\"},\"articleSection\":\"Uncategorized\"},{\"@type\":\"BreadcrumbList\",\"@id\":\"https:\\\/\\\/www.busmachupicchuticket.com\\\/es\\\/blog\\\/viaje-bus-machu-picchu\\\/#breadcrumblist\",\"itemListElement\":[{\"@type\":\"ListItem\",\"@id\":\"https:\\\/\\\/www.busmachupicchuticket.com\\\/es#listItem\",\"position\":1,\"name\":\"Home\",\"item\":\"https:\\\/\\\/www.busmachupicchuticket.com\\\/es\",\"nextItem\":{\"@type\":\"ListItem\",\"@id\":\"https:\\\/\\\/www.busmachupicchuticket.com\\\/es\\\/blog\\\/#listItem\",\"name\":\"Blog\"}},{\"@type\":\"ListItem\",\"@id\":\"https:\\\/\\\/www.busmachupicchuticket.com\\\/es\\\/blog\\\/#listItem\",\"position\":2,\"name\":\"Blog\",\"previousItem\":{\"@type\":\"ListItem\",\"@id\":\"https:\\\/\\\/www.busmachupicchuticket.com\\\/es#listItem\",\"name\":\"Home\"}}]},{\"@type\":\"Organization\",\"@id\":\"https:\\\/\\\/www.busmachupicchuticket.com\\\/es\\\/#organization\",\"name\":\"Bus Machu Picchu Ticket\",\"description\":\"Compra tu boleto oficial de bus Aguas Calientes a Machu Picchu. Servicio diario, ascenso r\\u00e1pido de 25 min y retorno flexible. Reserva online segura y f\\u00e1cil.\",\"url\":\"https:\\\/\\\/www.busmachupicchuticket.com\\\/es\\\/\",\"telephone\":\"+5184207064\",\"logo\":{\"@type\":\"ImageObject\",\"url\":\"https:\\\/\\\/www.busmachupicchuticket.com\\\/wp-content\\\/uploads\\\/bus-machu-picchu-bmt.png\",\"@id\":\"https:\\\/\\\/www.busmachupicchuticket.com\\\/es\\\/blog\\\/viaje-bus-machu-picchu\\\/#organizationLogo\",\"width\":600,\"height\":124},\"image\":{\"@id\":\"https:\\\/\\\/www.busmachupicchuticket.com\\\/es\\\/blog\\\/viaje-bus-machu-picchu\\\/#organizationLogo\"}},{\"@type\":\"Person\",\"@id\":\"https:\\\/\\\/www.busmachupicchuticket.com\\\/es\\\/blog\\\/author\\\/yazu644\\\/#author\",\"url\":\"https:\\\/\\\/www.busmachupicchuticket.com\\\/es\\\/blog\\\/author\\\/yazu644\\\/\",\"name\":\"BusMachupicchuTicket\"},{\"@type\":\"WebPage\",\"@id\":\"https:\\\/\\\/www.busmachupicchuticket.com\\\/es\\\/blog\\\/viaje-bus-machu-picchu\\\/#webpage\",\"url\":\"https:\\\/\\\/www.busmachupicchuticket.com\\\/es\\\/blog\\\/viaje-bus-machu-picchu\\\/\",\"name\":\"Viaje en Bus a Machu Picchu: Horarios, Precios, Ruta y Consejos\",\"description\":\"Conoce c\\u00f3mo es el viaje en bus a Machu Picchu desde Aguas Calientes: horarios, precios, ruta, duraci\\u00f3n, puntos de embarque y consejos clave para llegar sin contratiempos.\",\"inLanguage\":\"es-ES\",\"isPartOf\":{\"@id\":\"https:\\\/\\\/www.busmachupicchuticket.com\\\/es\\\/#website\"},\"breadcrumb\":{\"@id\":\"https:\\\/\\\/www.busmachupicchuticket.com\\\/es\\\/blog\\\/viaje-bus-machu-picchu\\\/#breadcrumblist\"},\"author\":{\"@id\":\"https:\\\/\\\/www.busmachupicchuticket.com\\\/es\\\/blog\\\/author\\\/yazu644\\\/#author\"},\"creator\":{\"@id\":\"https:\\\/\\\/www.busmachupicchuticket.com\\\/es\\\/blog\\\/author\\\/yazu644\\\/#author\"},\"datePublished\":\"2026-03-11T20:36:29+00:00\",\"dateModified\":\"2026-03-20T19:20:50+00:00\"},{\"@type\":\"WebSite\",\"@id\":\"https:\\\/\\\/www.busmachupicchuticket.com\\\/es\\\/#website\",\"url\":\"https:\\\/\\\/www.busmachupicchuticket.com\\\/es\\\/\",\"name\":\"Bus Machu Picchu Ticket\",\"description\":\"Compra tu boleto oficial de bus Aguas Calientes a Machu Picchu\",\"inLanguage\":\"es-ES\",\"publisher\":{\"@id\":\"https:\\\/\\\/www.busmachupicchuticket.com\\\/es\\\/#organization\"}}]}\n\t\t<\/script>\n\t\t<!-- All in One SEO Pro -->\r\n\t\t<title>Viaje en Bus a Machu Picchu: Horarios, Precios, Ruta y Consejos<\/title>\n\n","aioseo_head_json":{"title":"Viaje en Bus a Machu Picchu: Horarios, Precios, Ruta y Consejos","description":"Conoce c\u00f3mo es el viaje en bus a Machu Picchu desde Aguas Calientes: horarios, precios, ruta, duraci\u00f3n, puntos de embarque y consejos clave para llegar sin contratiempos.","canonical_url":"https:\/\/www.busmachupicchuticket.com\/es\/blog\/viaje-bus-machu-picchu\/","robots":"max-image-preview:large","keywords":"","webmasterTools":{"miscellaneous":""},"schema":{"@context":"https:\/\/schema.org","@graph":[{"@type":"BlogPosting","@id":"https:\/\/www.busmachupicchuticket.com\/es\/blog\/viaje-bus-machu-picchu\/#blogposting","name":"Viaje en Bus a Machu Picchu: Horarios, Precios, Ruta y Consejos","headline":"\u00bfC\u00f3mo es el viaje en bus a Machu Picchu?","author":{"@id":"https:\/\/www.busmachupicchuticket.com\/es\/blog\/author\/yazu644\/#author"},"publisher":{"@id":"https:\/\/www.busmachupicchuticket.com\/es\/#organization"},"image":{"@type":"ImageObject","url":"https:\/\/www.busmachupicchuticket.com\/wp-content\/uploads\/aguas-calientes-bus-machu-picchu-bm.jpg","@id":"https:\/\/www.busmachupicchuticket.com\/es\/blog\/viaje-bus-machu-picchu\/#articleImage"},"datePublished":"2026-03-11T20:36:29+00:00","dateModified":"2026-03-20T19:20:50+00:00","inLanguage":"es-ES","mainEntityOfPage":{"@id":"https:\/\/www.busmachupicchuticket.com\/es\/blog\/viaje-bus-machu-picchu\/#webpage"},"isPartOf":{"@id":"https:\/\/www.busmachupicchuticket.com\/es\/blog\/viaje-bus-machu-picchu\/#webpage"},"articleSection":"Uncategorized"},{"@type":"BreadcrumbList","@id":"https:\/\/www.busmachupicchuticket.com\/es\/blog\/viaje-bus-machu-picchu\/#breadcrumblist","itemListElement":[{"@type":"ListItem","@id":"https:\/\/www.busmachupicchuticket.com\/es#listItem","position":1,"name":"Home","item":"https:\/\/www.busmachupicchuticket.com\/es","nextItem":{"@type":"ListItem","@id":"https:\/\/www.busmachupicchuticket.com\/es\/blog\/#listItem","name":"Blog"}},{"@type":"ListItem","@id":"https:\/\/www.busmachupicchuticket.com\/es\/blog\/#listItem","position":2,"name":"Blog","previousItem":{"@type":"ListItem","@id":"https:\/\/www.busmachupicchuticket.com\/es#listItem","name":"Home"}}]},{"@type":"Organization","@id":"https:\/\/www.busmachupicchuticket.com\/es\/#organization","name":"Bus Machu Picchu Ticket","description":"Compra tu boleto oficial de bus Aguas Calientes a Machu Picchu. Servicio diario, ascenso r\u00e1pido de 25 min y retorno flexible. Reserva online segura y f\u00e1cil.","url":"https:\/\/www.busmachupicchuticket.com\/es\/","telephone":"+5184207064","logo":{"@type":"ImageObject","url":"https:\/\/www.busmachupicchuticket.com\/wp-content\/uploads\/bus-machu-picchu-bmt.png","@id":"https:\/\/www.busmachupicchuticket.com\/es\/blog\/viaje-bus-machu-picchu\/#organizationLogo","width":600,"height":124},"image":{"@id":"https:\/\/www.busmachupicchuticket.com\/es\/blog\/viaje-bus-machu-picchu\/#organizationLogo"}},{"@type":"Person","@id":"https:\/\/www.busmachupicchuticket.com\/es\/blog\/author\/yazu644\/#author","url":"https:\/\/www.busmachupicchuticket.com\/es\/blog\/author\/yazu644\/","name":"BusMachupicchuTicket"},{"@type":"WebPage","@id":"https:\/\/www.busmachupicchuticket.com\/es\/blog\/viaje-bus-machu-picchu\/#webpage","url":"https:\/\/www.busmachupicchuticket.com\/es\/blog\/viaje-bus-machu-picchu\/","name":"Viaje en Bus a Machu Picchu: Horarios, Precios, Ruta y Consejos","description":"Conoce c\u00f3mo es el viaje en bus a Machu Picchu desde Aguas Calientes: horarios, precios, ruta, duraci\u00f3n, puntos de embarque y consejos clave para llegar sin contratiempos.","inLanguage":"es-ES","isPartOf":{"@id":"https:\/\/www.busmachupicchuticket.com\/es\/#website"},"breadcrumb":{"@id":"https:\/\/www.busmachupicchuticket.com\/es\/blog\/viaje-bus-machu-picchu\/#breadcrumblist"},"author":{"@id":"https:\/\/www.busmachupicchuticket.com\/es\/blog\/author\/yazu644\/#author"},"creator":{"@id":"https:\/\/www.busmachupicchuticket.com\/es\/blog\/author\/yazu644\/#author"},"datePublished":"2026-03-11T20:36:29+00:00","dateModified":"2026-03-20T19:20:50+00:00"},{"@type":"WebSite","@id":"https:\/\/www.busmachupicchuticket.com\/es\/#website","url":"https:\/\/www.busmachupicchuticket.com\/es\/","name":"Bus Machu Picchu Ticket","description":"Compra tu boleto oficial de bus Aguas Calientes a Machu Picchu","inLanguage":"es-ES","publisher":{"@id":"https:\/\/www.busmachupicchuticket.com\/es\/#organization"}}]},"og:locale":"es_ES","og:site_name":"Bus Machupicchu Ticket - Compra tu boleto oficial de bus Aguas Calientes a Machu Picchu","og:type":"article","og:title":"Viaje en Bus a Machu Picchu: Horarios, Precios, Ruta y Consejos","og:description":"Conoce c\u00f3mo es el viaje en bus a Machu Picchu desde Aguas Calientes: horarios, precios, ruta, duraci\u00f3n, puntos de embarque y consejos clave para llegar sin contratiempos.","og:url":"https:\/\/www.busmachupicchuticket.com\/es\/blog\/viaje-bus-machu-picchu\/","og:image":"https:\/\/www.busmachupicchuticket.com\/wp-content\/uploads\/bus-machu-picchu-bmt.png","og:image:secure_url":"https:\/\/www.busmachupicchuticket.com\/wp-content\/uploads\/bus-machu-picchu-bmt.png","og:image:width":600,"og:image:height":124,"article:published_time":"2026-03-11T20:36:29+00:00","article:modified_time":"2026-03-20T19:20:50+00:00","twitter:card":"summary_large_image","twitter:title":"Viaje en Bus a Machu Picchu: Horarios, Precios, Ruta y Consejos","twitter:description":"Conoce c\u00f3mo es el viaje en bus a Machu Picchu desde Aguas Calientes: horarios, precios, ruta, duraci\u00f3n, puntos de embarque y consejos clave para llegar sin contratiempos.","twitter:image":"https:\/\/www.busmachupicchuticket.com\/wp-content\/uploads\/bus-machu-picchu-bmt.png"},"aioseo_meta_data":{"post_id":"25","title":"Blog sobre el Bus a Machu Picchu: Gu\u00edas y Consejos","description":"Explora art\u00edculos y tips sobre viajar en bus a Machu Picchu: rutas, horarios, precios y recomendaciones para tu aventura inca.","keywords":null,"keyphrases":{"focus":{"keyphrase":"","score":0,"analysis":{"keyphraseInTitle":{"score":0,"maxScore":9,"error":1}}},"additional":[]},"primary_term":null,"canonical_url":null,"og_title":null,"og_description":null,"og_object_type":"default","og_image_type":"default","og_image_url":null,"og_image_width":null,"og_image_height":null,"og_image_custom_url":null,"og_image_custom_fields":null,"og_video":"","og_custom_url":null,"og_article_section":null,"og_article_tags":null,"twitter_use_og":false,"twitter_card":"default","twitter_image_type":"default","twitter_image_url":null,"twitter_image_custom_url":null,"twitter_image_custom_fields":null,"twitter_title":null,"twitter_description":null,"schema":{"blockGraphs":[],"customGraphs":[],"default":{"data":{"Article":[],"Course":[],"Dataset":[],"FAQPage":[],"Movie":[],"Person":[],"Product":[],"ProductReview":[],"Car":[],"Recipe":[],"Service":[],"SoftwareApplication":[],"WebPage":[]},"graphName":"WebPage","isEnabled":true},"graphs":[]},"schema_type":"default","schema_type_options":null,"pillar_content":false,"robots_default":true,"robots_noindex":false,"robots_noarchive":false,"robots_nosnippet":false,"robots_nofollow":false,"robots_noimageindex":false,"robots_noodp":false,"robots_notranslate":false,"robots_max_snippet":"-1","robots_max_videopreview":"-1","robots_max_imagepreview":"large","priority":null,"frequency":"default","local_seo":null,"seo_analyzer_scan_date":"2026-03-20 21:00:15","breadcrumb_settings":null,"limit_modified_date":false,"reviewed_by":null,"open_ai":null,"ai":{"faqs":[],"keyPoints":[],"titles":[],"descriptions":[],"socialPosts":{"email":[],"linkedin":[],"twitter":[],"facebook":[],"instagram":[]}},"created":"2026-03-18 22:03:45","updated":"2026-04-03 22:22:52"},"aioseo_breadcrumb":"<div class=\"aioseo-breadcrumbs\"><span class=\"aioseo-breadcrumb\">\n\t<a href=\"https:\/\/www.busmachupicchuticket.com\/es\" title=\"Home\">Home<\/a>\n<\/span><span class=\"aioseo-breadcrumb-separator\">&raquo;<\/span><span class=\"aioseo-breadcrumb\">\n\tBlog\n<\/span><\/div>","aioseo_breadcrumb_json":[{"label":"Home","link":"https:\/\/www.busmachupicchuticket.com\/es"},{"label":"Blog","link":"https:\/\/www.busmachupicchuticket.com\/es\/blog\/"}],"_links":{"self":[{"href":"https:\/\/www.busmachupicchuticket.com\/es\/wp-json\/wp\/v2\/pages\/25","targetHints":{"allow":["GET"]}}],"collection":[{"href":"https:\/\/www.busmachupicchuticket.com\/es\/wp-json\/wp\/v2\/pages"}],"about":[{"href":"https:\/\/www.busmachupicchuticket.com\/es\/wp-json\/wp\/v2\/types\/page"}],"author":[{"embeddable":true,"href":"https:\/\/www.busmachupicchuticket.com\/es\/wp-json\/wp\/v2\/users\/1"}],"replies":[{"embeddable":true,"href":"https:\/\/www.busmachupicchuticket.com\/es\/wp-json\/wp\/v2\/comments?post=25"}],"version-history":[{"count":9,"href":"https:\/\/www.busmachupicchuticket.com\/es\/wp-json\/wp\/v2\/pages\/25\/revisions"}],"predecessor-version":[{"id":126,"href":"https:\/\/www.busmachupicchuticket.com\/es\/wp-json\/wp\/v2\/pages\/25\/revisions\/126"}],"wp:attachment":[{"href":"https:\/\/www.busmachupicchuticket.com\/es\/wp-json\/wp\/v2\/media?parent=25"}],"curies":[{"name":"wp","href":"https:\/\/api.w.org\/{rel}","templated":true}]}}